{"id":62,"date":"2024-10-01T19:49:45","date_gmt":"2024-10-01T19:49:45","guid":{"rendered":"https:\/\/formatec.cuscatlansur.gob.sv\/?page_id=62"},"modified":"2025-10-29T17:00:20","modified_gmt":"2025-10-29T17:00:20","slug":"acerca-de-formatec","status":"publish","type":"page","link":"https:\/\/formatec.cuscatlansur.gob.sv\/?page_id=62","title":{"rendered":"Acerca de Formatec"},"content":{"rendered":"\n<figure class=\"wp-block-video\"><\/figure>\n\n\n\n<figure class=\"wp-block-video\"><video controls src=\"https:\/\/formatec.cuscatlansur.gob.sv\/wp-content\/uploads\/2025\/10\/Video-Formatec.mp4\"><\/video><\/figure>\n\n\n\n<p>Es una unidad municipal de la Alcald\u00eda Cuscatl\u00e1n Sur, que tiene como objetivo crear competiciones curriculares y fortalecer las capacidades t\u00e9cnicas de los participantes<\/p>\n\n\n\n<p>Nace en el 2015 gracias al convenio de Usaid y la alcald\u00eda de cojutepeque, desde sus inicios hemos beneficiado a muchos j\u00f3venes, impartiendo cursos de ofim\u00e1toca y desarrollo profesional. En el 2023 con el apoyo del cooperaci\u00f3n alemana nos fortalecimos crecimos y esto nos ayud\u00f3 para incluir a m\u00e1s participantes en las formaciones. Desde sus inicios hemos formado a m\u00e1s de 800 participantes. Muchos de los cuales cuentan con un empleo digno.<\/p>\n\n\n\n<h3 class=\"wp-block-heading\">Nuestra curricula de cursos:<\/h3>\n\n\n\n<ul class=\"wp-block-list\">\n<li>Microsoft Word 2019 Specialist<\/li>\n\n\n\n<li>Microsoft Excel 2019 Specialist<\/li>\n\n\n\n<li>Microsoft PowerPoint 2019 Specialist<\/li>\n\n\n\n<li>Alfabetizaci\u00f3n Digital<\/li>\n\n\n\n<li>Ingl\u00e9s b\u00e1sico<\/li>\n<\/ul>\n\n\n\n<p>Y pr\u00f3ximamente:<br>-Info tecnolog\u00eda<br>-marketing digital<br>-call center en espa\u00f1ol<br>-gestor de venta e inventario<\/p>\n\n\n\n<p>Cursos complemente gratis.<\/p>\n\n\n\n<div class=\"wp-block-uagb-container uagb-block-xkmqaoub alignfull uagb-is-root-container\"><div class=\"uagb-container-inner-blocks-wrap\">\n<div class=\"wp-block-uagb-info-box uagb-block-jvqbfym5 uagb-infobox__content-wrap  uagb-infobox-icon-above-title uagb-infobox-image-valign-top\"><div class=\"uagb-ifb-content\"><div class=\"uagb-ifb-title-wrap\"><h2 class=\"uagb-ifb-title\">Frequently Asked Questions<\/h2><\/div><p class=\"uagb-ifb-desc\">Answers to common queries about our services and how we can assist you.<\/p><\/div><\/div>\n\n\n<div class=\"wp-block-uagb-faq uagb-faq__outer-wrap uagb-block-b3a02e15 uagb-faq-icon-row uagb-faq-layout-accordion uagb-faq-expand-first-true uagb-faq-inactive-other-true uagb-faq__wrap uagb-buttons-layout-wrap uagb-faq-equal-height     wp-block-uagb-faq uagb-faq__outer-wrap uagb-block-1ac646b5 uagb-faq-icon-row-reverse uagb-faq-layout-accordion uagb-faq-expand-first-true uagb-faq-inactive-other-true uagb-faq__wrap uagb-buttons-layout-wrap uagb-faq-equal-height\" data-faqtoggle=\"true\" role=\"tablist\"><div class=\"wp-block-uagb-faq-child uagb-faq-child__outer-wrap uagb-faq-item uagb-block-aef615b2 wp-block-uagb-faq-child uagb-faq-child__outer-wrap uagb-faq-item uagb-block-538e6302\" role=\"tab\" tabindex=\"0\"><div class=\"uagb-faq-questions-button uagb-faq-questions\">\t\t\t<span class=\"uagb-icon uagb-faq-icon-wrap\">\n\t\t\t\t\t\t\t\t<svg xmlns=\"https:\/\/www.w3.org\/2000\/svg\" viewBox= \"0 0 448 512\"><path d=\"M432 256c0 17.69-14.33 32.01-32 32.01H256v144c0 17.69-14.33 31.99-32 31.99s-32-14.3-32-31.99v-144H48c-17.67 0-32-14.32-32-32.01s14.33-31.99 32-31.99H192v-144c0-17.69 14.33-32.01 32-32.01s32 14.32 32 32.01v144h144C417.7 224 432 238.3 432 256z\"><\/path><\/svg>\n\t\t\t\t\t\t\t<\/span>\n\t\t\t\t\t\t<span class=\"uagb-icon-active uagb-faq-icon-wrap\">\n\t\t\t\t\t\t\t\t<svg xmlns=\"https:\/\/www.w3.org\/2000\/svg\" viewBox= \"0 0 448 512\"><path d=\"M400 288h-352c-17.69 0-32-14.32-32-32.01s14.31-31.99 32-31.99h352c17.69 0 32 14.3 32 31.99S417.7 288 400 288z\"><\/path><\/svg>\n\t\t\t\t\t\t\t<\/span>\n\t\t\t<span class=\"uagb-question\">\u00bfQu\u00e9 es FAQ?<\/span><\/div><div class=\"uagb-faq-content\"><p>Lorem fistrum ese pedazo de torpedo diodeno. Se calle ust\u00e9e al ataquerl quietooor pupita diodeno. Torpedo va ust\u00e9 muy cargadoo a peich pecador a peich a peich. Diodenoo condemor sexuarl no puedor sexuarl te va a has\u00e9 pupitaa apetecan diodenoo. Sexuarl torpedo benemeritaar mamaar benemeritaar apetecan no puedor condemor.<\/p><\/div><\/div><div class=\"wp-block-uagb-faq-child uagb-faq-child__outer-wrap uagb-faq-item uagb-block-ab35836d wp-block-uagb-faq-child uagb-faq-child__outer-wrap uagb-faq-item uagb-block-ef7001b5\" role=\"tab\" tabindex=\"0\"><div class=\"uagb-faq-questions-button uagb-faq-questions\">\t\t\t<span class=\"uagb-icon uagb-faq-icon-wrap\">\n\t\t\t\t\t\t\t\t<svg xmlns=\"https:\/\/www.w3.org\/2000\/svg\" viewBox= \"0 0 448 512\"><path d=\"M432 256c0 17.69-14.33 32.01-32 32.01H256v144c0 17.69-14.33 31.99-32 31.99s-32-14.3-32-31.99v-144H48c-17.67 0-32-14.32-32-32.01s14.33-31.99 32-31.99H192v-144c0-17.69 14.33-32.01 32-32.01s32 14.32 32 32.01v144h144C417.7 224 432 238.3 432 256z\"><\/path><\/svg>\n\t\t\t\t\t\t\t<\/span>\n\t\t\t\t\t\t<span class=\"uagb-icon-active uagb-faq-icon-wrap\">\n\t\t\t\t\t\t\t\t<svg xmlns=\"https:\/\/www.w3.org\/2000\/svg\" viewBox= \"0 0 448 512\"><path d=\"M400 288h-352c-17.69 0-32-14.32-32-32.01s14.31-31.99 32-31.99h352c17.69 0 32 14.3 32 31.99S417.7 288 400 288z\"><\/path><\/svg>\n\t\t\t\t\t\t\t<\/span>\n\t\t\t<span class=\"uagb-question\">\u00bfQu\u00e9 es FAQ?<\/span><\/div><div class=\"uagb-faq-content\"><p>Lorem fistrum ese pedazo de torpedo diodeno. Se calle ust\u00e9e al ataquerl quietooor pupita diodeno. Torpedo va ust\u00e9 muy cargadoo a peich pecador a peich a peich. Diodenoo condemor sexuarl no puedor sexuarl te va a has\u00e9 pupitaa apetecan diodenoo. Sexuarl torpedo benemeritaar mamaar benemeritaar apetecan no puedor condemor.<\/p><\/div><\/div><div class=\"wp-block-uagb-faq-child uagb-faq-child__outer-wrap uagb-faq-item uagb-block-ab5c65c1 wp-block-uagb-faq-child uagb-faq-child__outer-wrap uagb-faq-item uagb-block-9c554d3b\" role=\"tab\" tabindex=\"0\"><div class=\"uagb-faq-questions-button uagb-faq-questions\">\t\t\t<span class=\"uagb-icon uagb-faq-icon-wrap\">\n\t\t\t\t\t\t\t\t<svg xmlns=\"https:\/\/www.w3.org\/2000\/svg\" viewBox= \"0 0 448 512\"><path d=\"M432 256c0 17.69-14.33 32.01-32 32.01H256v144c0 17.69-14.33 31.99-32 31.99s-32-14.3-32-31.99v-144H48c-17.67 0-32-14.32-32-32.01s14.33-31.99 32-31.99H192v-144c0-17.69 14.33-32.01 32-32.01s32 14.32 32 32.01v144h144C417.7 224 432 238.3 432 256z\"><\/path><\/svg>\n\t\t\t\t\t\t\t<\/span>\n\t\t\t\t\t\t<span class=\"uagb-icon-active uagb-faq-icon-wrap\">\n\t\t\t\t\t\t\t\t<svg xmlns=\"https:\/\/www.w3.org\/2000\/svg\" viewBox= \"0 0 448 512\"><path d=\"M400 288h-352c-17.69 0-32-14.32-32-32.01s14.31-31.99 32-31.99h352c17.69 0 32 14.3 32 31.99S417.7 288 400 288z\"><\/path><\/svg>\n\t\t\t\t\t\t\t<\/span>\n\t\t\t<span class=\"uagb-question\">\u00bfQu\u00e9 es FAQ?<\/span><\/div><div class=\"uagb-faq-content\"><p>Lorem fistrum ese pedazo de torpedo diodeno. Se calle ust\u00e9e al ataquerl quietooor pupita diodeno. Torpedo va ust\u00e9 muy cargadoo a peich pecador a peich a peich. Diodenoo condemor sexuarl no puedor sexuarl te va a has\u00e9 pupitaa apetecan diodenoo. Sexuarl torpedo benemeritaar mamaar benemeritaar apetecan no puedor condemor.<\/p><\/div><\/div><div class=\"wp-block-uagb-faq-child uagb-faq-child__outer-wrap uagb-faq-item uagb-block-b5a3bcfc wp-block-uagb-faq-child uagb-faq-child__outer-wrap uagb-faq-item uagb-block-1456268a\" role=\"tab\" tabindex=\"0\"><div class=\"uagb-faq-questions-button uagb-faq-questions\">\t\t\t<span class=\"uagb-icon uagb-faq-icon-wrap\">\n\t\t\t\t\t\t\t\t<svg xmlns=\"https:\/\/www.w3.org\/2000\/svg\" viewBox= \"0 0 448 512\"><path d=\"M432 256c0 17.69-14.33 32.01-32 32.01H256v144c0 17.69-14.33 31.99-32 31.99s-32-14.3-32-31.99v-144H48c-17.67 0-32-14.32-32-32.01s14.33-31.99 32-31.99H192v-144c0-17.69 14.33-32.01 32-32.01s32 14.32 32 32.01v144h144C417.7 224 432 238.3 432 256z\"><\/path><\/svg>\n\t\t\t\t\t\t\t<\/span>\n\t\t\t\t\t\t<span class=\"uagb-icon-active uagb-faq-icon-wrap\">\n\t\t\t\t\t\t\t\t<svg xmlns=\"https:\/\/www.w3.org\/2000\/svg\" viewBox= \"0 0 448 512\"><path d=\"M400 288h-352c-17.69 0-32-14.32-32-32.01s14.31-31.99 32-31.99h352c17.69 0 32 14.3 32 31.99S417.7 288 400 288z\"><\/path><\/svg>\n\t\t\t\t\t\t\t<\/span>\n\t\t\t<span class=\"uagb-question\">\u00bfQu\u00e9 es FAQ?<\/span><\/div><div class=\"uagb-faq-content\"><p>Lorem fistrum ese pedazo de torpedo diodeno. Se calle ust\u00e9e al ataquerl quietooor pupita diodeno. Torpedo va ust\u00e9 muy cargadoo a peich pecador a peich a peich. Diodenoo condemor sexuarl no puedor sexuarl te va a has\u00e9 pupitaa apetecan diodenoo. Sexuarl torpedo benemeritaar mamaar benemeritaar apetecan no puedor condemor.<\/p><\/div><\/div><\/div><\/div><\/div>\n","protected":false},"excerpt":{"rendered":"<p>Es una unidad municipal de la Alcald\u00eda Cuscatl\u00e1n Sur, que tiene como objetivo crear competiciones curriculares y fortalecer las capacidades t\u00e9cnicas de los participantes Nace en el 2015 gracias al convenio de Usaid y la alcald\u00eda de cojutepeque, desde sus inicios hemos beneficiado a muchos j\u00f3venes, impartiendo cursos de ofim\u00e1toca y desarrollo profesional. En el [&hellip;]<\/p>\n","protected":false},"author":1,"featured_media":0,"parent":0,"menu_order":0,"comment_status":"closed","ping_status":"closed","template":"","meta":{"_uag_custom_page_level_css":"","_joinchat":[],"footnotes":""},"class_list":["post-62","page","type-page","status-publish","hentry"],"uagb_featured_image_src":{"full":false,"thumbnail":false,"medium":false,"medium_large":false,"large":false,"1536x1536":false,"2048x2048":false},"uagb_author_info":{"display_name":"formatec","author_link":"https:\/\/formatec.cuscatlansur.gob.sv\/?author=1"},"uagb_comment_info":0,"uagb_excerpt":"Es una unidad municipal de la Alcald\u00eda Cuscatl\u00e1n Sur, que tiene como objetivo crear competiciones curriculares y fortalecer las capacidades t\u00e9cnicas de los participantes Nace en el 2015 gracias al convenio de Usaid y la alcald\u00eda de cojutepeque, desde sus inicios hemos beneficiado a muchos j\u00f3venes, impartiendo cursos de ofim\u00e1toca y desarrollo profesional. En el&hellip;","_links":{"self":[{"href":"https:\/\/formatec.cuscatlansur.gob.sv\/index.php?rest_route=\/wp\/v2\/pages\/62","targetHints":{"allow":["GET"]}}],"collection":[{"href":"https:\/\/formatec.cuscatlansur.gob.sv\/index.php?rest_route=\/wp\/v2\/pages"}],"about":[{"href":"https:\/\/formatec.cuscatlansur.gob.sv\/index.php?rest_route=\/wp\/v2\/types\/page"}],"author":[{"embeddable":true,"href":"https:\/\/formatec.cuscatlansur.gob.sv\/index.php?rest_route=\/wp\/v2\/users\/1"}],"replies":[{"embeddable":true,"href":"https:\/\/formatec.cuscatlansur.gob.sv\/index.php?rest_route=%2Fwp%2Fv2%2Fcomments&post=62"}],"version-history":[{"count":8,"href":"https:\/\/formatec.cuscatlansur.gob.sv\/index.php?rest_route=\/wp\/v2\/pages\/62\/revisions"}],"predecessor-version":[{"id":183,"href":"https:\/\/formatec.cuscatlansur.gob.sv\/index.php?rest_route=\/wp\/v2\/pages\/62\/revisions\/183"}],"wp:attachment":[{"href":"https:\/\/formatec.cuscatlansur.gob.sv\/index.php?rest_route=%2Fwp%2Fv2%2Fmedia&parent=62"}],"curies":[{"name":"wp","href":"https:\/\/api.w.org\/{rel}","templated":true}]}}